{"id":465,"date":"2020-07-06T11:49:13","date_gmt":"2020-07-06T09:49:13","guid":{"rendered":"https:\/\/www.micrositepro.fr\/internet\/?page_id=465"},"modified":"2020-07-14T00:26:12","modified_gmt":"2020-07-13T22:26:12","slug":"le-blog-2","status":"publish","type":"page","link":"https:\/\/www.micrositepro.fr\/internet\/loffre\/le-blog-2\/","title":{"rendered":"Le blog"},"content":{"rendered":"\n<p style=\"text-align:justify\">Votre projet est peut-\u00eatre d&rsquo;\u00e9crire un blog dans lequel vous publierez une multitude d&rsquo;articles au fil du temps. Un tel projet se monte rapidement: le socle d&rsquo;abord, c&rsquo;est \u00e0 dire <a href=\"https:\/\/www.micrositepro.fr\/internet\/loffre\/site-internet-classique\/\">le &lsquo;site classique&rsquo;<\/a>,  base \u00e0 laquelle on ajoute ensuite la (ou les) sections du blog, enrichi par vos articles.  Vous g\u00e9rerez totalement cette section du site &#8211; une mini-formation pour en comprendre les grandes lignes sera donc n\u00e9cessaire.<\/p>\n","protected":false},"excerpt":{"rendered":"<p>Votre projet est peut-\u00eatre d&rsquo;\u00e9crire un blog dans lequel vous publierez une multitude d&rsquo;articles au fil du temps. Un tel projet se monte rapidement: le socle d&rsquo;abord, c&rsquo;est \u00e0 dire le &lsquo;site classique&rsquo;, base \u00e0 laquelle on ajoute ensuite la (ou les) sections du blog, enrichi par vos articles. Vous g\u00e9rerez totalement cette section duSuite &#8230;<\/p>\n","protected":false},"author":1,"featured_media":173,"parent":371,"menu_order":0,"comment_status":"closed","ping_status":"closed","template":"","meta":{"footnotes":""},"class_list":["post-465","page","type-page","status-publish","has-post-thumbnail","hentry"],"_links":{"self":[{"href":"https:\/\/www.micrositepro.fr\/internet\/wp-json\/wp\/v2\/pages\/465","targetHints":{"allow":["GET"]}}],"collection":[{"href":"https:\/\/www.micrositepro.fr\/internet\/wp-json\/wp\/v2\/pages"}],"about":[{"href":"https:\/\/www.micrositepro.fr\/internet\/wp-json\/wp\/v2\/types\/page"}],"author":[{"embeddable":true,"href":"https:\/\/www.micrositepro.fr\/internet\/wp-json\/wp\/v2\/users\/1"}],"replies":[{"embeddable":true,"href":"https:\/\/www.micrositepro.fr\/internet\/wp-json\/wp\/v2\/comments?post=465"}],"version-history":[{"count":6,"href":"https:\/\/www.micrositepro.fr\/internet\/wp-json\/wp\/v2\/pages\/465\/revisions"}],"predecessor-version":[{"id":490,"href":"https:\/\/www.micrositepro.fr\/internet\/wp-json\/wp\/v2\/pages\/465\/revisions\/490"}],"up":[{"embeddable":true,"href":"https:\/\/www.micrositepro.fr\/internet\/wp-json\/wp\/v2\/pages\/371"}],"wp:featuredmedia":[{"embeddable":true,"href":"https:\/\/www.micrositepro.fr\/internet\/wp-json\/wp\/v2\/media\/173"}],"wp:attachment":[{"href":"https:\/\/www.micrositepro.fr\/internet\/wp-json\/wp\/v2\/media?parent=465"}],"curies":[{"name":"wp","href":"https:\/\/api.w.org\/{rel}","templated":true}]}}