{"id":375,"date":"2020-06-30T07:44:41","date_gmt":"2020-06-30T05:44:41","guid":{"rendered":"https:\/\/www.micrositepro.fr\/internet\/?page_id=375"},"modified":"2020-07-14T00:44:52","modified_gmt":"2020-07-13T22:44:52","slug":"le-blog","status":"publish","type":"page","link":"https:\/\/www.micrositepro.fr\/internet\/le-blog\/","title":{"rendered":"Le blog"},"content":{"rendered":"<ul class=\"wp-block-categories-list wp-block-categories\">\t<li class=\"cat-item cat-item-10\"><a href=\"https:\/\/www.micrositepro.fr\/internet\/category\/clients\/\">Clients<\/a>\n<\/li>\n\t<li class=\"cat-item cat-item-18\"><a href=\"https:\/\/www.micrositepro.fr\/internet\/category\/culture-com\/\">Culture Com<\/a>\n<\/li>\n\t<li class=\"cat-item cat-item-1\"><a href=\"https:\/\/www.micrositepro.fr\/internet\/category\/design\/\">Design<\/a>\n<\/li>\n\t<li class=\"cat-item cat-item-17\"><a href=\"https:\/\/www.micrositepro.fr\/internet\/category\/noshow\/\">Noshow<\/a>\n<\/li>\n\t<li class=\"cat-item cat-item-11\"><a href=\"https:\/\/www.micrositepro.fr\/internet\/category\/seo-referencement\/\">SEO\/R\u00e9f\u00e9rencement<\/a>\n<\/li>\n\t<li class=\"cat-item cat-item-24\"><a href=\"https:\/\/www.micrositepro.fr\/internet\/category\/solutions\/\">Solutions<\/a>\n<\/li>\n\t<li class=\"cat-item cat-item-8\"><a href=\"https:\/\/www.micrositepro.fr\/internet\/category\/technologie\/\">Technologie<\/a>\n<\/li>\n<\/ul>\n\n<ul class=\"wp-block-latest-posts__list wp-block-latest-posts\"><li><a class=\"wp-block-latest-posts__post-title\" href=\"https:\/\/www.micrositepro.fr\/internet\/marketplace-et-paiement-en-ligne\/\">Marketplace et paiement en ligne<\/a><\/li>\n<li><a class=\"wp-block-latest-posts__post-title\" href=\"https:\/\/www.micrositepro.fr\/internet\/referencement-site-international\/\">R\u00e9f\u00e9rencement de site \u00e0 l&rsquo;international<\/a><\/li>\n<li><a class=\"wp-block-latest-posts__post-title\" href=\"https:\/\/www.micrositepro.fr\/internet\/latout-des-reseaux-sociaux-une-utilite-indiscutable-pendant-le-confinement\/\">L&rsquo;atout des r\u00e9seaux sociaux<\/a><\/li>\n<li><a class=\"wp-block-latest-posts__post-title\" href=\"https:\/\/www.micrositepro.fr\/internet\/quiz-testez-votre-culture-visuelle\/\">Quiz: testez votre culture visuelle!<\/a><\/li>\n<li><a class=\"wp-block-latest-posts__post-title\" href=\"https:\/\/www.micrositepro.fr\/internet\/le-logo-ce-vecteur-de-lidentite-visuelle\/\">Le logo, ce vecteur de l&rsquo;identit\u00e9 visuelle<\/a><\/li>\n<\/ul>","protected":false},"excerpt":{"rendered":"","protected":false},"author":1,"featured_media":0,"parent":0,"menu_order":0,"comment_status":"closed","ping_status":"closed","template":"pageBlog.php","meta":{"footnotes":""},"class_list":["post-375","page","type-page","status-publish","hentry"],"_links":{"self":[{"href":"https:\/\/www.micrositepro.fr\/internet\/wp-json\/wp\/v2\/pages\/375","targetHints":{"allow":["GET"]}}],"collection":[{"href":"https:\/\/www.micrositepro.fr\/internet\/wp-json\/wp\/v2\/pages"}],"about":[{"href":"https:\/\/www.micrositepro.fr\/internet\/wp-json\/wp\/v2\/types\/page"}],"author":[{"embeddable":true,"href":"https:\/\/www.micrositepro.fr\/internet\/wp-json\/wp\/v2\/users\/1"}],"replies":[{"embeddable":true,"href":"https:\/\/www.micrositepro.fr\/internet\/wp-json\/wp\/v2\/comments?post=375"}],"version-history":[{"count":3,"href":"https:\/\/www.micrositepro.fr\/internet\/wp-json\/wp\/v2\/pages\/375\/revisions"}],"predecessor-version":[{"id":509,"href":"https:\/\/www.micrositepro.fr\/internet\/wp-json\/wp\/v2\/pages\/375\/revisions\/509"}],"wp:attachment":[{"href":"https:\/\/www.micrositepro.fr\/internet\/wp-json\/wp\/v2\/media?parent=375"}],"curies":[{"name":"wp","href":"https:\/\/api.w.org\/{rel}","templated":true}]}}