{"id":371,"date":"2020-06-30T07:43:59","date_gmt":"2020-06-30T05:43:59","guid":{"rendered":"https:\/\/www.micrositepro.fr\/internet\/?page_id=371"},"modified":"2021-05-26T12:32:52","modified_gmt":"2021-05-26T10:32:52","slug":"loffre","status":"publish","type":"page","link":"https:\/\/www.micrositepro.fr\/internet\/loffre\/","title":{"rendered":"L&rsquo;offre"},"content":{"rendered":"\n<p style=\"text-align:justify;\">Le travail sur un site internet est &lsquo;variable&rsquo; et d\u00e9pend du volume et du type d&rsquo;informations que vous souhaitez mettre en ligne, ainsi que de vos objectifs: qu&rsquo;attendez-vous de votre site? Celui-ci est-il purement informatif? Souhaitez-vous vendre avec?&#8230;<br>C\u2019est pourquoi il est souvent bien difficile d\u2019\u00e9valuer le prix d\u2019un site de prime abord et bon nombre d\u2019agences pr\u00e9f\u00e9reront d\u2019abord vous rencontrer, parler de votre projet, cerner vos besoins avant de vous donner une estimation ou un devis.<\/p>\n\n\n\n<p>De mani\u00e8re g\u00e9n\u00e9rale, tout site n\u00e9cessitera un travail de base: c&rsquo;est ce que nous r\u00e9sumons dans &lsquo;<a href=\"https:\/\/www.micrositepro.fr\/internet\/site-internet\/site-internet-classique\/\">le BA-BA de notre offre<\/a>&lsquo;.<\/p>\n\n\n\n<p>Selon vos besoins, ce site n\u00e9cessitera peut-\u00eatre davantage: peut-\u00eatre envisagez-vous <a href=\"https:\/\/www.micrositepro.fr\/internet\/site-internet\/site-vitrine\/\">une vitrine, un E-Commerce<\/a>, <a href=\"https:\/\/www.micrositepro.fr\/internet\/le-blog\/\">un blog<\/a> dont vous \u00e9tofferez par la suite le contenu.<br><\/p>\n\n\n\n<p>Un site internet plus \u00e9toff\u00e9 requiert une plus grande implication de votre part dans sa gestion quotidienne: ajout de produits, mise en ligne d&rsquo;annonces, publication d&rsquo;articles&#8230; Vous avez alors besoin <a href=\"https:\/\/www.micrositepro.fr\/internet\/back-office\/\">d&rsquo;un back office<\/a>, que nous customiserons ensemble, selon vos besoins.<\/p>\n\n\n\n<p>Vous pouvez aussi avoir besoin de modules sp\u00e9cifiques pour assurer certaines fonctionnalit\u00e9s &#8211; un exemple bien particulier: <a href=\"https:\/\/www.micrositepro.fr\/internet\/multilingue\/\">le service multilingue.<\/a><\/p>\n\n\n\n<p>Enfin, pour tout site, avant tout site, il faut penser \u00e0 comment le faire para\u00eetre au mieux sur la toile: <a href=\"https:\/\/www.micrositepro.fr\/internet\/seo\/\">comment<strong> le r\u00e9f\u00e9rencer<\/strong> pour qu&rsquo;il se singularise de la masse?<\/a><\/p>\n","protected":false},"excerpt":{"rendered":"<p>Le travail sur un site internet est &lsquo;variable&rsquo; et d\u00e9pend du volume et du type d&rsquo;informations que vous souhaitez mettre en ligne, ainsi que de vos objectifs: qu&rsquo;attendez-vous de votre site? Celui-ci est-il purement informatif? Souhaitez-vous vendre avec?&#8230;C\u2019est pourquoi il est souvent bien difficile d\u2019\u00e9valuer le prix d\u2019un site de prime abord et bon nombreSuite &#8230;<\/p>\n","protected":false},"author":1,"featured_media":454,"parent":0,"menu_order":0,"comment_status":"closed","ping_status":"closed","template":"","meta":{"footnotes":""},"class_list":["post-371","page","type-page","status-publish","has-post-thumbnail","hentry"],"_links":{"self":[{"href":"https:\/\/www.micrositepro.fr\/internet\/wp-json\/wp\/v2\/pages\/371","targetHints":{"allow":["GET"]}}],"collection":[{"href":"https:\/\/www.micrositepro.fr\/internet\/wp-json\/wp\/v2\/pages"}],"about":[{"href":"https:\/\/www.micrositepro.fr\/internet\/wp-json\/wp\/v2\/types\/page"}],"author":[{"embeddable":true,"href":"https:\/\/www.micrositepro.fr\/internet\/wp-json\/wp\/v2\/users\/1"}],"replies":[{"embeddable":true,"href":"https:\/\/www.micrositepro.fr\/internet\/wp-json\/wp\/v2\/comments?post=371"}],"version-history":[{"count":15,"href":"https:\/\/www.micrositepro.fr\/internet\/wp-json\/wp\/v2\/pages\/371\/revisions"}],"predecessor-version":[{"id":1600,"href":"https:\/\/www.micrositepro.fr\/internet\/wp-json\/wp\/v2\/pages\/371\/revisions\/1600"}],"wp:featuredmedia":[{"embeddable":true,"href":"https:\/\/www.micrositepro.fr\/internet\/wp-json\/wp\/v2\/media\/454"}],"wp:attachment":[{"href":"https:\/\/www.micrositepro.fr\/internet\/wp-json\/wp\/v2\/media?parent=371"}],"curies":[{"name":"wp","href":"https:\/\/api.w.org\/{rel}","templated":true}]}}