{"id":369,"date":"2020-06-30T07:43:33","date_gmt":"2020-06-30T05:43:33","guid":{"rendered":"https:\/\/www.micrositepro.fr\/internet\/?page_id=369"},"modified":"2020-10-30T20:01:07","modified_gmt":"2020-10-30T19:01:07","slug":"le-cv","status":"publish","type":"page","link":"https:\/\/www.micrositepro.fr\/internet\/le-cv\/","title":{"rendered":"Le CV"},"content":{"rendered":"\n<p class=\"has-text-align-center\"><style>#trp-floater-ls{visibility:visible}<\/style>\n<p class=\"has-text-align-center\"><br><strong>EN BREF:<\/strong><\/p><\/p>\n\n\n\n<p class=\"has-text-align-center\"><strong>Technologie <\/strong>: Expertise sur le d\u00e9veloppement web et client\/server, frontend et backend.<\/p>\n\n\n\n<p class=\"has-text-align-center\"><p class=\"has-text-align-center\" ><strong>Secteurs&nbsp;:<\/strong> T\u00e9l\u00e9comms, informatique, immobilier, \u00e9ducation, sant\u00e9, etc.<\/p><\/p>\n\n\n\n<p class=\"has-text-align-center\"><strong>Formation<\/strong>&nbsp;: Technologique ou langue (anglais)<\/p>\n\n\n\n<p class=\"has-text-align-center\"><strong>MISSIONS:<\/strong><\/p>\n\n\n\n<p class=\"has-text-align-center\">Conseil et cr\u00e9ation de sites internet et produits internet associ\u00e9s aupr\u00e8s de PME (France)<\/p>\n\n\n\n<p class=\"has-text-align-center\">Formation en Gestion de Projets (Royaume Uni)<\/p>\n\n\n\n<p class=\"has-text-align-center\">Management de projet en informatique (d\u00e9veloppement applications internet) et Management d\u2019\u00e9quipe (Royaume Uni)<\/p>\n\n\n\n<p class=\"has-text-align-center\">Programmation en informatique (d\u00e9veloppement client\/serveur  + internet) et formation clients (Royaume Uni)<\/p>\n\n\n\n<p><\/p>\n","protected":false},"excerpt":{"rendered":"<p>EN BREF: Technologie : Expertise sur le d\u00e9veloppement web et client\/server, frontend et backend. Secteurs&nbsp;: T\u00e9l\u00e9comms, informatique, immobilier, \u00e9ducation, sant\u00e9, etc. Formation&nbsp;: Technologique ou langue (anglais) MISSIONS: Conseil et cr\u00e9ation de sites internet et produits internet associ\u00e9s aupr\u00e8s de PME (France) Formation en Gestion de Projets (Royaume Uni) Management de projet en informatique (d\u00e9veloppement applicationsSuite &#8230;<\/p>\n","protected":false},"author":1,"featured_media":0,"parent":0,"menu_order":0,"comment_status":"closed","ping_status":"closed","template":"","meta":{"footnotes":""},"class_list":["post-369","page","type-page","status-publish","hentry"],"_links":{"self":[{"href":"https:\/\/www.micrositepro.fr\/internet\/wp-json\/wp\/v2\/pages\/369","targetHints":{"allow":["GET"]}}],"collection":[{"href":"https:\/\/www.micrositepro.fr\/internet\/wp-json\/wp\/v2\/pages"}],"about":[{"href":"https:\/\/www.micrositepro.fr\/internet\/wp-json\/wp\/v2\/types\/page"}],"author":[{"embeddable":true,"href":"https:\/\/www.micrositepro.fr\/internet\/wp-json\/wp\/v2\/users\/1"}],"replies":[{"embeddable":true,"href":"https:\/\/www.micrositepro.fr\/internet\/wp-json\/wp\/v2\/comments?post=369"}],"version-history":[{"count":23,"href":"https:\/\/www.micrositepro.fr\/internet\/wp-json\/wp\/v2\/pages\/369\/revisions"}],"predecessor-version":[{"id":1522,"href":"https:\/\/www.micrositepro.fr\/internet\/wp-json\/wp\/v2\/pages\/369\/revisions\/1522"}],"wp:attachment":[{"href":"https:\/\/www.micrositepro.fr\/internet\/wp-json\/wp\/v2\/media?parent=369"}],"curies":[{"name":"wp","href":"https:\/\/api.w.org\/{rel}","templated":true}]}}