{"id":2,"date":"2018-01-25T19:26:34","date_gmt":"2018-01-25T18:26:34","guid":{"rendered":"https:\/\/www.micrositepro.fr\/internet\/?page_id=2"},"modified":"2020-08-09T18:25:44","modified_gmt":"2020-08-09T16:25:44","slug":"creation-site-internet","status":"publish","type":"page","link":"https:\/\/www.micrositepro.fr\/internet\/loffre\/creation-site-internet\/","title":{"rendered":"Cr\u00e9ation de site internet"},"content":{"rendered":"\n<h2 style=\"font-size:18px;color:#000036;\">La cr\u00e9ation d&rsquo;un site internet&#8230;<\/h2>\n\n\n\n<p style=\"text-align:justify\"> repose sur un principe clair: une pr\u00e9sentation de l\u2019information \u2013 et\/ou des produits \u2013 pratique, claire, concise. En effet, l\u2019internaute ne doit pas chercher longtemps, sinon il va ailleurs. Il doit aussi avoir la possibilit\u00e9 d\u2019acc\u00e9der \u00e0 une description plus d\u00e9taill\u00e9e et aussi parfaite que possible de l\u2019objet de son int\u00e9r\u00eat; sinon, l\u00e0 encore, il va ailleurs pour trouver r\u00e9ponse \u00e0 ses questions. C\u2019est ainsi qu\u2019on manque des ventes, un client. <\/p>\n\n\n\n<p style=\"text-align:justify\">Vous comprenez donc que la cr\u00e9ation d&rsquo;un site internet repose d&rsquo;abord sur la qualit\u00e9 des textes. C&rsquo;est l\u00e0 o\u00f9 votre r\u00f4le est essentiel: qui sait mieux que vous parler de votre histoire, de votre activit\u00e9, de vos produits?\nEn d\u00e9but de projet, nous vous demandons donc de produire un descriptif aussi d\u00e9taill\u00e9 que possible du contenu que vous souhaitez mettre en ligne. Ensuite, nous vous aidons \u00e0 articuler l\u2019information pour la rendre claire et facile d\u2019acc\u00e8s. Ainsi, nous construisons le site, ensemble, en int\u00e9grant des fonctionnalit\u00e9s utiles et en d\u00e9veloppant le graphisme pour le rendre attractif.<\/p>\n\n\n\n<div class=\"wp-block-columns is-layout-flex wp-container-core-columns-is-layout-9d6595d7 wp-block-columns-is-layout-flex\">\n<div class=\"wp-block-column is-layout-flow wp-block-column-is-layout-flow\">\n<figure class=\"wp-block-image size-large\"><img loading=\"lazy\" decoding=\"async\" width=\"814\" height=\"527\" src=\"https:\/\/www.micrositepro.fr\/internet\/wp-content\/uploads\/2020\/07\/tortue.jpg\" alt=\"cr\u00e9ation site internet ardennes\" class=\"wp-image-544\" srcset=\"https:\/\/www.micrositepro.fr\/internet\/wp-content\/uploads\/2020\/07\/tortue.jpg 814w, https:\/\/www.micrositepro.fr\/internet\/wp-content\/uploads\/2020\/07\/tortue-300x194.jpg 300w, https:\/\/www.micrositepro.fr\/internet\/wp-content\/uploads\/2020\/07\/tortue-768x497.jpg 768w, https:\/\/www.micrositepro.fr\/internet\/wp-content\/uploads\/2020\/07\/tortue-150x97.jpg 150w\" sizes=\"auto, (max-width: 814px) 100vw, 814px\" \/><\/figure>\n<\/div>\n\n\n\n<div class=\"wp-block-column is-layout-flow wp-block-column-is-layout-flow\">\n<h3 style=\"font-size:18px;color:#000036;\" itemscope=\"\" itemtype=\"http:\/\/schema.org\/Thing\">Exemple de <span itemprop=\"description\">cr\u00e9ation de site internet<\/span>&#8230;:<br>les Antilles en Voilier<\/h3>Nous vous invitons \u00e0 visiter <a href=\"http:\/\/www.les-antilles-en-voilier.com\/\" target=\"_blank\" rel=\"noreferrer noopener\">le site des Antilles en Voilier<\/a>. D&rsquo;entr\u00e9e, le site pr\u00e9sente une offre claire (rubrique contact et conseils), pr\u00e9cise (liens) et illustre bien notre propos.\n<\/div>\n<\/div>\n\n\n\n<p>Cependant, une autre variable est \u00e0 prendre en consid\u00e9ration, <b>avant m\u00eame que la<\/b> <strong>cr\u00e9ation d&rsquo;un site internet<\/strong><b> ne d\u00e9bute: <\/b> le SEO, ou positionnement dans les moteurs de recherche.<\/p>\n\n\n\n<blockquote class=\"wp-block-quote is-layout-flow wp-block-quote-is-layout-flow\"><p><\/p><p>Avant d\u2019aborder la construction du site, vous devez commencer par la fin: comment \u00eatre vu sur le web? Comment va-t-on me trouver? Suis-je pr\u00eat \u00e0 d\u00e9penser une certaine somme <strong>mensuellement<\/strong> pour \u00eatre (relativement) bien r\u00e9f\u00e9renc\u00e9? Suis-je d\u2019accord pour attendre quelques mois voire une ann\u00e9e pour obtenir ce r\u00e9f\u00e9rencement autrement?  Combiner les deux?<\/p><p>Selon ce\/ces choix va s\u2019orienter le travail de votre agence web lors de la cr\u00e9ation du site internet. <strong>Votre communication digitale en d\u00e9pend<\/strong>. <strong>Beaucoup de d\u00e9cisions sont prises en fonction du SEO<\/strong> \u2013 alors, lisez d\u2019abord <a href=\"https:\/\/www.micrositepro.fr\/internet\/seo\/\">notre page sur le r\u00e9f\u00e9rencemen<\/a>t pour mieux comprendre.<\/p><\/blockquote>\n","protected":false},"excerpt":{"rendered":"<p>La cr\u00e9ation d&rsquo;un site internet&#8230; repose sur un principe clair: une pr\u00e9sentation de l\u2019information \u2013 et\/ou des produits \u2013 pratique, claire, concise. En effet, l\u2019internaute ne doit pas chercher longtemps, sinon il va ailleurs. Il doit aussi avoir la possibilit\u00e9 d\u2019acc\u00e9der \u00e0 une description plus d\u00e9taill\u00e9e et aussi parfaite que possible de l\u2019objet de sonSuite &#8230;<\/p>\n","protected":false},"author":1,"featured_media":444,"parent":371,"menu_order":0,"comment_status":"closed","ping_status":"open","template":"","meta":{"footnotes":""},"class_list":["post-2","page","type-page","status-publish","has-post-thumbnail","hentry"],"_links":{"self":[{"href":"https:\/\/www.micrositepro.fr\/internet\/wp-json\/wp\/v2\/pages\/2","targetHints":{"allow":["GET"]}}],"collection":[{"href":"https:\/\/www.micrositepro.fr\/internet\/wp-json\/wp\/v2\/pages"}],"about":[{"href":"https:\/\/www.micrositepro.fr\/internet\/wp-json\/wp\/v2\/types\/page"}],"author":[{"embeddable":true,"href":"https:\/\/www.micrositepro.fr\/internet\/wp-json\/wp\/v2\/users\/1"}],"replies":[{"embeddable":true,"href":"https:\/\/www.micrositepro.fr\/internet\/wp-json\/wp\/v2\/comments?post=2"}],"version-history":[{"count":56,"href":"https:\/\/www.micrositepro.fr\/internet\/wp-json\/wp\/v2\/pages\/2\/revisions"}],"predecessor-version":[{"id":759,"href":"https:\/\/www.micrositepro.fr\/internet\/wp-json\/wp\/v2\/pages\/2\/revisions\/759"}],"up":[{"embeddable":true,"href":"https:\/\/www.micrositepro.fr\/internet\/wp-json\/wp\/v2\/pages\/371"}],"wp:featuredmedia":[{"embeddable":true,"href":"https:\/\/www.micrositepro.fr\/internet\/wp-json\/wp\/v2\/media\/444"}],"wp:attachment":[{"href":"https:\/\/www.micrositepro.fr\/internet\/wp-json\/wp\/v2\/media?parent=2"}],"curies":[{"name":"wp","href":"https:\/\/api.w.org\/{rel}","templated":true}]}}