{"id":148,"date":"2018-01-26T20:29:34","date_gmt":"2018-01-26T19:29:34","guid":{"rendered":"https:\/\/www.micrositepro.fr\/internet\/?page_id=148"},"modified":"2021-02-23T12:54:41","modified_gmt":"2021-02-23T11:54:41","slug":"multilingue","status":"publish","type":"page","link":"https:\/\/www.micrositepro.fr\/internet\/loffre\/multilingue\/","title":{"rendered":"Service Multilingue"},"content":{"rendered":"<p style=\"text-align: justify;\">La traduction d&rsquo;un site dans plusieurs langues peut \u00eatre totalement ou partiellement automatis\u00e9e, ou encore pas du tout. Pour un site o\u00f9 devra intervenir une traduction personnalis\u00e9e, nous vous proposons un service &lsquo;maison&rsquo;&nbsp; franco-brit et franco-espagnol. Les autres langues sont \u00e9galement possibles&nbsp; \u00e0 envisager.<\/p>\n<p>Un exemple?<\/p>\n<h2 style=\"font-size: 18px; color: #000036; margin-top: 25px;\">Les sites d&rsquo;Arden Estate, agence immobili\u00e8re des Ardennes, sp\u00e9cialiste d&rsquo;une client\u00e8le \u00e9trang\u00e8re avec:<\/h2>\n<ul style=\"margin-top: 20px;\">\n<li><a href=\"https:\/\/www.arden-estate.fr\/immobilier\/\">une section en Fran\u00e7ais<\/a><\/li>\n<li style=\"margin-top: 20px;\"><a href=\"https:\/\/www.arden-estate.com\/onroerend-goed\/\">une section en N\u00e9erlandais<\/a><\/li>\n<li style=\"margin-top: 20px;\"><a href=\"https:\/\/www.arden-estate.com\/property\/\">une section en Anglais<\/a><\/li>\n<\/ul>\n<p style=\" margin-top:20px;text-align:justify;\" =\"\"=\"\">(consultez<a href=\"https:\/\/www.micrositepro.fr\/internet\/arden-estate-agence-immobiliere-des-ardennes-08\/\"> notre article pour savoir comment ce site fonctionne<\/a>, du point de vue de son multilinguisme&#8230;)<\/p>\n<p style=\"text-align: justify;\">Pour davantage d\u2019informations, veuillez nous contacter directement.<\/p>\n","protected":false},"excerpt":{"rendered":"<p>La traduction d&rsquo;un site dans plusieurs langues peut \u00eatre totalement ou partiellement automatis\u00e9e, ou encore pas du tout. Pour un site o\u00f9 devra intervenir une traduction personnalis\u00e9e, nous vous proposons un service &lsquo;maison&rsquo;&nbsp; franco-brit et franco-espagnol. Les autres langues sont \u00e9galement possibles&nbsp; \u00e0 envisager. Un exemple? Les sites d&rsquo;Arden Estate, agence immobili\u00e8re des Ardennes, sp\u00e9cialisteSuite &#8230;<\/p>\n","protected":false},"author":1,"featured_media":180,"parent":371,"menu_order":0,"comment_status":"closed","ping_status":"closed","template":"","meta":{"footnotes":""},"class_list":["post-148","page","type-page","status-publish","has-post-thumbnail","hentry"],"_links":{"self":[{"href":"https:\/\/www.micrositepro.fr\/internet\/wp-json\/wp\/v2\/pages\/148","targetHints":{"allow":["GET"]}}],"collection":[{"href":"https:\/\/www.micrositepro.fr\/internet\/wp-json\/wp\/v2\/pages"}],"about":[{"href":"https:\/\/www.micrositepro.fr\/internet\/wp-json\/wp\/v2\/types\/page"}],"author":[{"embeddable":true,"href":"https:\/\/www.micrositepro.fr\/internet\/wp-json\/wp\/v2\/users\/1"}],"replies":[{"embeddable":true,"href":"https:\/\/www.micrositepro.fr\/internet\/wp-json\/wp\/v2\/comments?post=148"}],"version-history":[{"count":13,"href":"https:\/\/www.micrositepro.fr\/internet\/wp-json\/wp\/v2\/pages\/148\/revisions"}],"predecessor-version":[{"id":1583,"href":"https:\/\/www.micrositepro.fr\/internet\/wp-json\/wp\/v2\/pages\/148\/revisions\/1583"}],"up":[{"embeddable":true,"href":"https:\/\/www.micrositepro.fr\/internet\/wp-json\/wp\/v2\/pages\/371"}],"wp:featuredmedia":[{"embeddable":true,"href":"https:\/\/www.micrositepro.fr\/internet\/wp-json\/wp\/v2\/media\/180"}],"wp:attachment":[{"href":"https:\/\/www.micrositepro.fr\/internet\/wp-json\/wp\/v2\/media?parent=148"}],"curies":[{"name":"wp","href":"https:\/\/api.w.org\/{rel}","templated":true}]}}