{"id":146,"date":"2018-01-26T20:27:41","date_gmt":"2018-01-26T19:27:41","guid":{"rendered":"https:\/\/www.micrositepro.fr\/internet\/?page_id=146"},"modified":"2020-07-14T00:23:19","modified_gmt":"2020-07-13T22:23:19","slug":"hebergements-et-noms-de-domaines","status":"publish","type":"page","link":"https:\/\/www.micrositepro.fr\/internet\/loffre\/hebergements-et-noms-de-domaines\/","title":{"rendered":"H\u00e9bergement et noms de domaines"},"content":{"rendered":"<p><strong>Qu&rsquo;est ce qu&rsquo;un nom de domaine?<\/strong><\/p>\n<p>Le nom de domaine est le nom de votre site: www.exemple.com.<\/p>\n<p style=\"text-align:justify\">Le .com est l&rsquo;extension de ce nom de domaine. Il existe d&rsquo;autres et nombreuses extensions. Certaines permettent de diff\u00e9rencier les pays: .fr (France), .co.uk (Royaume Uni), .be (Belgique) etc, d&rsquo;autres accentuent le type d&rsquo;organisation (.org), d&rsquo;autres se focalisent sur la technologie (.net, .info, .tv etc).<\/p>\n<p>Vous pouvez r\u00e9server tout type d&rsquo;extension (selon les lois en vigueur).<\/p>\n<p><strong>Qu&rsquo;est-ce que l&rsquo;h\u00e9bergement?<\/strong><\/p>\n<p style=\"text-align:justify\">Lorsque l&rsquo;on cr\u00e9e un site internet, on \u00e9crit des fichiers, qui servent des pages, utilisent des graphiques, des vid\u00e9os etc. Tout cet ensemble (ou tout du moins une bonne partie) doit \u00eatre d\u00e9pos\u00e9 sur un server qui va permettre d&rsquo;y acc\u00e9der, soit sur un mode public (tout le monde voit le site), soit de mani\u00e8re s\u00e9curis\u00e9e (intranet, r\u00e9serv\u00e9e aux usagers qui disposent du mot de passe pour y acc\u00e9der).<\/p>\n<p style=\"text-align:justify\">Nous nous chargeons de l\u2019h\u00e9bergement et de la r\u00e9servation du\/des nom(s) de domaine. Si vous avez d\u00e9j\u00e0 souscrit ailleurs, nous respectons votre choix.<\/p>\n<p style=\"text-align:justify\">Pour l&rsquo;h\u00e9bergement comme les r\u00e9servations de noms de domaines, les co\u00fbts sont annuels.<\/p>\n","protected":false},"excerpt":{"rendered":"<p>Qu&rsquo;est ce qu&rsquo;un nom de domaine? Le nom de domaine est le nom de votre site: www.exemple.com. Le .com est l&rsquo;extension de ce nom de domaine. Il existe d&rsquo;autres et nombreuses extensions. Certaines permettent de diff\u00e9rencier les pays: .fr (France), .co.uk (Royaume Uni), .be (Belgique) etc, d&rsquo;autres accentuent le type d&rsquo;organisation (.org), d&rsquo;autres se focalisentSuite &#8230;<\/p>\n","protected":false},"author":1,"featured_media":391,"parent":371,"menu_order":0,"comment_status":"closed","ping_status":"closed","template":"","meta":{"footnotes":""},"class_list":["post-146","page","type-page","status-publish","has-post-thumbnail","hentry"],"_links":{"self":[{"href":"https:\/\/www.micrositepro.fr\/internet\/wp-json\/wp\/v2\/pages\/146","targetHints":{"allow":["GET"]}}],"collection":[{"href":"https:\/\/www.micrositepro.fr\/internet\/wp-json\/wp\/v2\/pages"}],"about":[{"href":"https:\/\/www.micrositepro.fr\/internet\/wp-json\/wp\/v2\/types\/page"}],"author":[{"embeddable":true,"href":"https:\/\/www.micrositepro.fr\/internet\/wp-json\/wp\/v2\/users\/1"}],"replies":[{"embeddable":true,"href":"https:\/\/www.micrositepro.fr\/internet\/wp-json\/wp\/v2\/comments?post=146"}],"version-history":[{"count":7,"href":"https:\/\/www.micrositepro.fr\/internet\/wp-json\/wp\/v2\/pages\/146\/revisions"}],"predecessor-version":[{"id":622,"href":"https:\/\/www.micrositepro.fr\/internet\/wp-json\/wp\/v2\/pages\/146\/revisions\/622"}],"up":[{"embeddable":true,"href":"https:\/\/www.micrositepro.fr\/internet\/wp-json\/wp\/v2\/pages\/371"}],"wp:featuredmedia":[{"embeddable":true,"href":"https:\/\/www.micrositepro.fr\/internet\/wp-json\/wp\/v2\/media\/391"}],"wp:attachment":[{"href":"https:\/\/www.micrositepro.fr\/internet\/wp-json\/wp\/v2\/media?parent=146"}],"curies":[{"name":"wp","href":"https:\/\/api.w.org\/{rel}","templated":true}]}}