{"id":142,"date":"2018-01-26T20:19:45","date_gmt":"2018-01-26T19:19:45","guid":{"rendered":"https:\/\/www.micrositepro.fr\/internet\/?page_id=142"},"modified":"2020-07-14T00:20:39","modified_gmt":"2020-07-13T22:20:39","slug":"back-office","status":"publish","type":"page","link":"https:\/\/www.micrositepro.fr\/internet\/loffre\/back-office\/","title":{"rendered":"Back Office"},"content":{"rendered":"<p>De mani\u00e8re g\u00e9n\u00e9ral, le terme de back-office correspond \u00e0 la partie du site internet qui n\u2019est visible que par l\u2019administrateur du site et qui permet de g\u00e9rer le contenu, les fonctionnalit\u00e9s, ou encore de travailler avec les donn\u00e9es r\u00e9cup\u00e9r\u00e9es par le site. Par comparaison, le front-office est, lui, la partie d\u2019un site internet qui est visible par les internautes.<\/p>\n<p>Un syst\u00e8me back office est souvent n\u00e9cessaire, et s&rsquo;int\u00e8gre au projet global de cr\u00e9ation et de d\u00e9veloppement du site. Il s&rsquo;agit d&rsquo;une solution que &nbsp;nous construisons ensemble, selon vos besoins et vos objectifs, avec la technologie adapt\u00e9e, syst\u00e8me pour lequel nous vous formons si besoin.<\/p>\n","protected":false},"excerpt":{"rendered":"<p>De mani\u00e8re g\u00e9n\u00e9ral, le terme de back-office correspond \u00e0 la partie du site internet qui n\u2019est visible que par l\u2019administrateur du site et qui permet de g\u00e9rer le contenu, les fonctionnalit\u00e9s, ou encore de travailler avec les donn\u00e9es r\u00e9cup\u00e9r\u00e9es par le site. Par comparaison, le front-office est, lui, la partie d\u2019un site internet qui estSuite &#8230;<\/p>\n","protected":false},"author":1,"featured_media":166,"parent":371,"menu_order":0,"comment_status":"closed","ping_status":"closed","template":"","meta":{"footnotes":""},"class_list":["post-142","page","type-page","status-publish","has-post-thumbnail","hentry"],"_links":{"self":[{"href":"https:\/\/www.micrositepro.fr\/internet\/wp-json\/wp\/v2\/pages\/142","targetHints":{"allow":["GET"]}}],"collection":[{"href":"https:\/\/www.micrositepro.fr\/internet\/wp-json\/wp\/v2\/pages"}],"about":[{"href":"https:\/\/www.micrositepro.fr\/internet\/wp-json\/wp\/v2\/types\/page"}],"author":[{"embeddable":true,"href":"https:\/\/www.micrositepro.fr\/internet\/wp-json\/wp\/v2\/users\/1"}],"replies":[{"embeddable":true,"href":"https:\/\/www.micrositepro.fr\/internet\/wp-json\/wp\/v2\/comments?post=142"}],"version-history":[{"count":4,"href":"https:\/\/www.micrositepro.fr\/internet\/wp-json\/wp\/v2\/pages\/142\/revisions"}],"predecessor-version":[{"id":620,"href":"https:\/\/www.micrositepro.fr\/internet\/wp-json\/wp\/v2\/pages\/142\/revisions\/620"}],"up":[{"embeddable":true,"href":"https:\/\/www.micrositepro.fr\/internet\/wp-json\/wp\/v2\/pages\/371"}],"wp:featuredmedia":[{"embeddable":true,"href":"https:\/\/www.micrositepro.fr\/internet\/wp-json\/wp\/v2\/media\/166"}],"wp:attachment":[{"href":"https:\/\/www.micrositepro.fr\/internet\/wp-json\/wp\/v2\/media?parent=142"}],"curies":[{"name":"wp","href":"https:\/\/api.w.org\/{rel}","templated":true}]}}