{"id":134,"date":"2018-01-26T20:16:34","date_gmt":"2018-01-26T19:16:34","guid":{"rendered":"https:\/\/www.micrositepro.fr\/internet\/?page_id=134"},"modified":"2021-05-26T18:26:36","modified_gmt":"2021-05-26T16:26:36","slug":"site-vitrine","status":"publish","type":"page","link":"https:\/\/www.micrositepro.fr\/internet\/loffre\/site-vitrine\/","title":{"rendered":"Site Vitrine &#038; E-Commerce"},"content":{"rendered":"<p style=\"text-align:justify\">La vitrine en ligne vous permet d\u2019exposer vos produits, montrer ce que vous vendez, <strong>sans que l\u2019achat puisse \u00eatre finalis\u00e9<\/strong>.&nbsp;Un exemple type de site vitrine est une vitrine immobili\u00e8re, o\u00f9 vous pouvez voir les biens en vente, et pour lesquels vous contacterez le vendeur pour en savoir plus, organiser une visite etc.<\/p>\n<p>Le travail que requiert une vitrine comprend :<\/p>\n<ul>\n<li class=\"delphLI\">le site internet pr\u00e9sentant votre activit\u00e9 (voir le <a href=\"https:\/\/www.micrositepro.fr\/internet\/site-internet\/site-internet-classique\/\">BA-BA de notre offre<\/a>)<\/li>\n<li class=\"delphLI\">le module de la vitrine en ligne<\/li>\n<li class=\"delphLI\">le module de gestion de cette vitrine<\/li>\n<\/ul>\n\n\n<p><\/p>\n\n\n\n<p style=\"text-align:justify\">Quant au E-Commerce ou boutique en ligne, le concept est similaire:  la boutique en ligne est une vitrine enrichie de la possibilit\u00e9 de r\u00e9aliser la vente par internet. Comme avec la vitrine vous g\u00e9rez donc vos produits en les mettant en ligne, et\/ou en stand by&#8230;<br>Le site par contre g\u00e8re la vente pour vous.<\/p>\n\n\n\n<p style=\"text-align:justify\">L&rsquo;acheteur visite la boutique, remplit son panier et paie son ou ses achats. Selon votre choix, l&rsquo;achat est encaiss\u00e9 directement<a href=\"https:\/\/www.micrositepro.fr\/internet\/paiement-en-ligne\/\"> par votre banque et\/ou par d&rsquo;autres moyen comme Paypal par exemple<\/a>. Nous int\u00e9grons les moyens de paiement que vous choisissez.<\/p>\n\n\n\n<p style=\"text-align:justify\">En termes de prestation, la boutique reprend l&rsquo;int\u00e9gralit\u00e9 de l&rsquo;offre site classique, auquel on rajoute le module de la boutique en ligne (vitrine: front office + gestion: back office), la\/les solution(s) de paiement en ligne. Il faut aussi escompter un temps de formation sur le module de gestion des produits (back office), et il est \u00e9galement possible de proc\u00e9der \u00e0 l&rsquo;int\u00e9gration de donn\u00e9es pr\u00e9-existantes (exemple: donn\u00e9es provenant d&rsquo;un tableur).<\/p>\n","protected":false},"excerpt":{"rendered":"<p>La vitrine en ligne vous permet d\u2019exposer vos produits, montrer ce que vous vendez, sans que l\u2019achat puisse \u00eatre finalis\u00e9.&nbsp;Un exemple type de site vitrine est une vitrine immobili\u00e8re, o\u00f9 vous pouvez voir les biens en vente, et pour lesquels vous contacterez le vendeur pour en savoir plus, organiser une visite etc. Le travail queSuite &#8230;<\/p>\n","protected":false},"author":1,"featured_media":476,"parent":371,"menu_order":1,"comment_status":"closed","ping_status":"closed","template":"","meta":{"footnotes":""},"class_list":["post-134","page","type-page","status-publish","has-post-thumbnail","hentry"],"_links":{"self":[{"href":"https:\/\/www.micrositepro.fr\/internet\/wp-json\/wp\/v2\/pages\/134","targetHints":{"allow":["GET"]}}],"collection":[{"href":"https:\/\/www.micrositepro.fr\/internet\/wp-json\/wp\/v2\/pages"}],"about":[{"href":"https:\/\/www.micrositepro.fr\/internet\/wp-json\/wp\/v2\/types\/page"}],"author":[{"embeddable":true,"href":"https:\/\/www.micrositepro.fr\/internet\/wp-json\/wp\/v2\/users\/1"}],"replies":[{"embeddable":true,"href":"https:\/\/www.micrositepro.fr\/internet\/wp-json\/wp\/v2\/comments?post=134"}],"version-history":[{"count":10,"href":"https:\/\/www.micrositepro.fr\/internet\/wp-json\/wp\/v2\/pages\/134\/revisions"}],"predecessor-version":[{"id":1603,"href":"https:\/\/www.micrositepro.fr\/internet\/wp-json\/wp\/v2\/pages\/134\/revisions\/1603"}],"up":[{"embeddable":true,"href":"https:\/\/www.micrositepro.fr\/internet\/wp-json\/wp\/v2\/pages\/371"}],"wp:featuredmedia":[{"embeddable":true,"href":"https:\/\/www.micrositepro.fr\/internet\/wp-json\/wp\/v2\/media\/476"}],"wp:attachment":[{"href":"https:\/\/www.micrositepro.fr\/internet\/wp-json\/wp\/v2\/media?parent=134"}],"curies":[{"name":"wp","href":"https:\/\/api.w.org\/{rel}","templated":true}]}}