{"id":124,"date":"2018-01-26T20:05:14","date_gmt":"2018-01-26T19:05:14","guid":{"rendered":"https:\/\/www.micrositepro.fr\/internet\/?page_id=124"},"modified":"2021-05-26T18:22:13","modified_gmt":"2021-05-26T16:22:13","slug":"site-internet-classique","status":"publish","type":"page","link":"https:\/\/www.micrositepro.fr\/internet\/loffre\/site-internet-classique\/","title":{"rendered":"Le B-A BA de notre offre"},"content":{"rendered":"<p style=\"text-align:justify\">Un site bien construit vise \u00e0 pr\u00e9senter l&rsquo;information de fa\u00e7on pratique, concise. Nous vous vous aidons \u00e0 articuler votre contenu pour le rendre aussi clair et facile d&rsquo;acc\u00e8s que possible. Ensuite nous construisons le site, ensemble, en int\u00e9grant des fonctionnalit\u00e9s utiles et en d\u00e9veloppant le graphisme pour le rendre attractif. Nous int\u00e9grons au projet de construction de site ce que nous consid\u00e9rons comme \u00e9vident pour un site internet actuel :<\/p>\n<ul>\n<li class=\"delphLI\">une connection aux r\u00e9seaux sociaux;<\/li>\n<li class=\"delphLI\">un formulaire de contact reli\u00e9 \u00e0 votre bo\u00eete mail habituelle, qui vous permettra de recevoir instantan\u00e9ment;<\/li>\n<li class=\"delphLI\">une ou plusieurs adresses mail li\u00e9es au site &#8211; le nombre d&rsquo;adresses mail est illimit\u00e9;<\/li>\n<li class=\"delphLI\">la visibilit\u00e9 du site sur portable, tablette ou \u00e9cran traditionnel&nbsp; quelles qu&rsquo;en soient les dimensions;<\/li>\n<li class=\"delphLI\"><b>un r\u00e9f\u00e9rencement initial<\/b> et l&rsquo;inscription dans les annuaires relatifs \u00e0 votre activit\u00e9;<\/li>\n<\/ul>\n<p>Sachez que vous \u00eates acteur du projet: vous d\u00e9veloppez votre contenu et contribuez \u00e0 le valoriser. Des questions? <a href=\"http:\/\/www.micrositepro.fr\/contact.html#site-classique\">N&rsquo;h\u00e9sitez pas \u00e0 nous contacter!<\/a><\/p>\n","protected":false},"excerpt":{"rendered":"<p>Un site bien construit vise \u00e0 pr\u00e9senter l&rsquo;information de fa\u00e7on pratique, concise. Nous vous vous aidons \u00e0 articuler votre contenu pour le rendre aussi clair et facile d&rsquo;acc\u00e8s que possible. Ensuite nous construisons le site, ensemble, en int\u00e9grant des fonctionnalit\u00e9s utiles et en d\u00e9veloppant le graphisme pour le rendre attractif. Nous int\u00e9grons au projet deSuite &#8230;<\/p>\n","protected":false},"author":1,"featured_media":450,"parent":371,"menu_order":0,"comment_status":"closed","ping_status":"closed","template":"","meta":{"footnotes":""},"class_list":["post-124","page","type-page","status-publish","has-post-thumbnail","hentry"],"_links":{"self":[{"href":"https:\/\/www.micrositepro.fr\/internet\/wp-json\/wp\/v2\/pages\/124","targetHints":{"allow":["GET"]}}],"collection":[{"href":"https:\/\/www.micrositepro.fr\/internet\/wp-json\/wp\/v2\/pages"}],"about":[{"href":"https:\/\/www.micrositepro.fr\/internet\/wp-json\/wp\/v2\/types\/page"}],"author":[{"embeddable":true,"href":"https:\/\/www.micrositepro.fr\/internet\/wp-json\/wp\/v2\/users\/1"}],"replies":[{"embeddable":true,"href":"https:\/\/www.micrositepro.fr\/internet\/wp-json\/wp\/v2\/comments?post=124"}],"version-history":[{"count":7,"href":"https:\/\/www.micrositepro.fr\/internet\/wp-json\/wp\/v2\/pages\/124\/revisions"}],"predecessor-version":[{"id":1602,"href":"https:\/\/www.micrositepro.fr\/internet\/wp-json\/wp\/v2\/pages\/124\/revisions\/1602"}],"up":[{"embeddable":true,"href":"https:\/\/www.micrositepro.fr\/internet\/wp-json\/wp\/v2\/pages\/371"}],"wp:featuredmedia":[{"embeddable":true,"href":"https:\/\/www.micrositepro.fr\/internet\/wp-json\/wp\/v2\/media\/450"}],"wp:attachment":[{"href":"https:\/\/www.micrositepro.fr\/internet\/wp-json\/wp\/v2\/media?parent=124"}],"curies":[{"name":"wp","href":"https:\/\/api.w.org\/{rel}","templated":true}]}}